{"id":108,"date":"2019-08-16T19:13:46","date_gmt":"2019-08-16T19:13:46","guid":{"rendered":"http:\/\/wordpress.leisink.nl\/?page_id=108"},"modified":"2025-08-24T18:38:09","modified_gmt":"2025-08-24T18:38:09","slug":"winkel","status":"publish","type":"page","link":"http:\/\/carolijn.leisink.nl\/index.php\/winkel\/","title":{"rendered":"Winkel"},"content":{"rendered":"\n<p class=\"has-medium-font-size\"><strong>Abby is een tekenkampioen<\/strong><br>Een kleurrijk prentenboek op rijm over een meisje dat de diagnose epilepsie krijgt. Het boek is gratis te downloaden op de site van <a rel=\"noreferrer noopener\" href=\"https:\/\/www.sein.nl\/nieuws\/2023\/sein-lanceert-eigen-kinderboek-abby-is-een-tekenkampioen-in-de-kinderboekenweek\/\" target=\"_blank\">SEIN<\/a>.<\/p>\n\n\n\n<p class=\"has-medium-font-size\"><strong>Ik hou meer van jou, dan van de rijstepap van mijn oma<\/strong><br>Het boek \u201cIk hou meer van jou, dan van de rijstepap van mijn oma\u201d is een uitgebreide werkwijze van <a href=\"https:\/\/www.youtube.com\/watch?v=OiRX_CGtXBo&amp;list=PLg7zJZEKU2b30av-a2vcErGShXfZno44Q\">Theatergroep Cactus<\/a>. 228 pagina&#8217;s full color inclusief dvd. Een boek boordevol ervaringen, spelopdrachten en teksten. Het boek is niet meer te koop, maar ik kan je een gratis download sturen. Interesse? Mail naar: carolijncarolijn@hotmail.com.<\/p>\n\n\n\n<div class=\"wp-block-columns has-2-columns is-layout-flex wp-container-3 wp-block-columns-is-layout-flex\">\n<div class=\"wp-block-column is-layout-flow wp-block-column-is-layout-flow\">\n<figure class=\"wp-block-image size-medium\"><img decoding=\"async\" loading=\"lazy\" width=\"204\" height=\"300\" src=\"http:\/\/carolijn.leisink.nl\/wp-content\/uploads\/2019\/11\/boek-voorkant-204x300.jpg\" alt=\"\" class=\"wp-image-134\" srcset=\"http:\/\/carolijn.leisink.nl\/wp-content\/uploads\/2019\/11\/boek-voorkant-204x300.jpg 204w, http:\/\/carolijn.leisink.nl\/wp-content\/uploads\/2019\/11\/boek-voorkant-768x1129.jpg 768w, http:\/\/carolijn.leisink.nl\/wp-content\/uploads\/2019\/11\/boek-voorkant-696x1024.jpg 696w, http:\/\/carolijn.leisink.nl\/wp-content\/uploads\/2019\/11\/boek-voorkant.jpg 2008w\" sizes=\"(max-width: 204px) 100vw, 204px\" \/><\/figure>\n<\/div>\n\n\n\n<div class=\"wp-block-column is-layout-flow wp-block-column-is-layout-flow\">\n<p><\/p>\n<\/div>\n<\/div>\n\n\n\n<p class=\"has-medium-font-size\"><strong><a href=\"https:\/\/www.lezenisleuk.nl\/webwinkel\/product\/hiep-hiep-hoeree\" target=\"_blank\" rel=\"noreferrer noopener\">Hiep hiep hoeree<br><\/a><\/strong>De oma van Abby kookt zoveel eten dat Abby een verrassingsfeest organiseert. Iedereen is welkom! Familieleden en mensen uit de buurt dansen, eten en feesten samen. Hiep hiep hoeree, wie wil er kipsat\u00e9?<br><strong>Een kleurrijk prentenboek op rijm vol ritme, muziek en h\u00e9\u00e9l veel lekker eten. Voor feestvierders vanaf 5 jaar<\/strong><\/p>\n\n\n\n<figure class=\"wp-block-image size-medium\"><img decoding=\"async\" loading=\"lazy\" width=\"289\" height=\"300\" src=\"http:\/\/carolijn.leisink.nl\/wp-content\/uploads\/2022\/03\/cover-promotie-hiep-hiep-hoeree-1-289x300.jpg\" alt=\"\" class=\"wp-image-538\" srcset=\"http:\/\/carolijn.leisink.nl\/wp-content\/uploads\/2022\/03\/cover-promotie-hiep-hiep-hoeree-1-289x300.jpg 289w, http:\/\/carolijn.leisink.nl\/wp-content\/uploads\/2022\/03\/cover-promotie-hiep-hiep-hoeree-1-985x1024.jpg 985w, http:\/\/carolijn.leisink.nl\/wp-content\/uploads\/2022\/03\/cover-promotie-hiep-hiep-hoeree-1-768x798.jpg 768w, http:\/\/carolijn.leisink.nl\/wp-content\/uploads\/2022\/03\/cover-promotie-hiep-hiep-hoeree-1-1478x1536.jpg 1478w, http:\/\/carolijn.leisink.nl\/wp-content\/uploads\/2022\/03\/cover-promotie-hiep-hiep-hoeree-1-1971x2048.jpg 1971w\" sizes=\"(max-width: 289px) 100vw, 289px\" \/><\/figure>\n\n\n\n<div class=\"wp-block-file\"><a id=\"wp-block-file--media-9ca8e57b-6838-4a96-9aff-97790123da27\" href=\"http:\/\/carolijn.leisink.nl\/wp-content\/uploads\/2022\/04\/Ballonspelletjes-download.pdf\">Ballonspelletjes hiep hiep hoeree<\/a><a href=\"http:\/\/carolijn.leisink.nl\/wp-content\/uploads\/2022\/04\/Ballonspelletjes-download.pdf\" class=\"wp-block-file__button wp-element-button\" download aria-describedby=\"wp-block-file--media-9ca8e57b-6838-4a96-9aff-97790123da27\">Download<\/a><\/div>\n\n\n\n<p><\/p>\n\n\n\n<p class=\"has-medium-font-size\"><a rel=\"noreferrer noopener\" href=\"https:\/\/www.lezenisleuk.nl\/webwinkel\/product\/naima-is-hier-nieuw\" target=\"_blank\"><strong>Naima is hier nieuw<\/strong><br><\/a>Naima is met haar mama gevlucht voor de oorlog. In Nederland wordt haar nieuwe buurjongetje Anwer haar beste vriend. Naima leert veel in de kleuterklas van juf Loes. En op een dag mag haar grote broer Khaled ook naar Nederland komen. Opa woont nog altijd in hun oude land, maar met hem kan ze wel skypen. <br><strong>Vrolijke voorleesverhaaltjes over een meisje dat samen met haar gezin een nieuw leven opbouwt in Nederland. Voor kinderen vanaf 5 jaar. <\/strong><\/p>\n\n\n\n<figure class=\"wp-block-image size-medium\"><img decoding=\"async\" loading=\"lazy\" width=\"219\" height=\"300\" src=\"http:\/\/carolijn.leisink.nl\/wp-content\/uploads\/2020\/08\/CV_9789044838152-219x300.jpg\" alt=\"\" class=\"wp-image-402\"\/><\/figure>\n\n\n\n<div class=\"wp-block-file\"><a id=\"wp-block-file--media-a0ff15bb-96b6-4e8a-a4ba-2cc8aec4c74f\" href=\"http:\/\/carolijn.leisink.nl\/wp-content\/uploads\/2022\/04\/150-Taaltoetjes-Naima-is-hier-nieuw-1-8.pdf\">150 Taaltoetjes Naima is hier nieuw<\/a><a href=\"http:\/\/carolijn.leisink.nl\/wp-content\/uploads\/2022\/04\/150-Taaltoetjes-Naima-is-hier-nieuw-1-8.pdf\" class=\"wp-block-file__button wp-element-button\" download aria-describedby=\"wp-block-file--media-a0ff15bb-96b6-4e8a-a4ba-2cc8aec4c74f\">Download<\/a><\/div>\n\n\n\n<h2 class=\"wp-block-heading has-medium-font-size\"><strong><a href=\"https:\/\/www.droomvalleiuitgeverij.nl\/?s=ik+wil+vlechten\" target=\"_blank\" rel=\"noreferrer noopener\">Ik wil vlechten <\/a><\/strong><\/h2>\n\n\n\n<h2 class=\"wp-block-heading has-medium-font-size\"><strong>Als Efia rent, rinkelen de kraaltjes van haar vlechten. Rinkel, rinkel! Zulke mooie haren wil Esmee ook wel! Maar wie kan dat doen? De winkeljuf, de boer en de acrobaat niet. Maar de kapper wel! Esmee krijgt net zulke vlechtjes als haar vriendin. Ze lijken wel zusjes! Een vrolijk avontuur voor peuters en kleuters over vriendschap en gelijkwaardigheid.<\/strong><\/h2>\n","protected":false},"excerpt":{"rendered":"<p>Abby is een tekenkampioenEen kleurrijk prentenboek op rijm over een meisje dat de diagnose epilepsie krijgt. Het boek is gratis te downloaden op de site van SEIN. Ik hou meer van jou, dan van de rijstepap van mijn omaHet boek \u201cIk hou meer van jou, dan van de rijstepap van mijn oma\u201d is een uitgebreide [&hellip;]<\/p>\n","protected":false},"author":1,"featured_media":0,"parent":0,"menu_order":0,"comment_status":"closed","ping_status":"closed","template":"","meta":{"footnotes":""},"_links":{"self":[{"href":"http:\/\/carolijn.leisink.nl\/index.php\/wp-json\/wp\/v2\/pages\/108"}],"collection":[{"href":"http:\/\/carolijn.leisink.nl\/index.php\/wp-json\/wp\/v2\/pages"}],"about":[{"href":"http:\/\/carolijn.leisink.nl\/index.php\/wp-json\/wp\/v2\/types\/page"}],"author":[{"embeddable":true,"href":"http:\/\/carolijn.leisink.nl\/index.php\/wp-json\/wp\/v2\/users\/1"}],"replies":[{"embeddable":true,"href":"http:\/\/carolijn.leisink.nl\/index.php\/wp-json\/wp\/v2\/comments?post=108"}],"version-history":[{"count":17,"href":"http:\/\/carolijn.leisink.nl\/index.php\/wp-json\/wp\/v2\/pages\/108\/revisions"}],"predecessor-version":[{"id":1250,"href":"http:\/\/carolijn.leisink.nl\/index.php\/wp-json\/wp\/v2\/pages\/108\/revisions\/1250"}],"wp:attachment":[{"href":"http:\/\/carolijn.leisink.nl\/index.php\/wp-json\/wp\/v2\/media?parent=108"}],"curies":[{"name":"wp","href":"https:\/\/api.w.org\/{rel}","templated":true}]}}